{"id":467,"date":"2025-11-13T14:48:51","date_gmt":"2025-11-13T14:48:51","guid":{"rendered":"https:\/\/alianzamasonica.org\/amra\/?page_id=467"},"modified":"2025-12-02T13:53:39","modified_gmt":"2025-12-02T13:53:39","slug":"pregon-latitud-33-sur","status":"publish","type":"page","link":"https:\/\/alianzamasonica.org\/amra\/pregon-latitud-33-sur\/","title":{"rendered":"Preg\u00f3n Latitud 33\u00b0 Sur"},"content":{"rendered":"\n<figure class=\"wp-block-image size-large\"><img loading=\"lazy\" decoding=\"async\" width=\"724\" height=\"1024\" src=\"https:\/\/alianzamasonica.org\/amra\/wp-content\/uploads\/2025\/11\/Pregon-Latitud-33-Sur-724x1024.jpg\" alt=\"\" class=\"wp-image-483\" style=\"aspect-ratio:3\/2;object-fit:cover\" srcset=\"https:\/\/alianzamasonica.org\/amra\/wp-content\/uploads\/2025\/11\/Pregon-Latitud-33-Sur-724x1024.jpg 724w, https:\/\/alianzamasonica.org\/amra\/wp-content\/uploads\/2025\/11\/Pregon-Latitud-33-Sur-212x300.jpg 212w, https:\/\/alianzamasonica.org\/amra\/wp-content\/uploads\/2025\/11\/Pregon-Latitud-33-Sur-768x1086.jpg 768w, https:\/\/alianzamasonica.org\/amra\/wp-content\/uploads\/2025\/11\/Pregon-Latitud-33-Sur-1086x1536.jpg 1086w, https:\/\/alianzamasonica.org\/amra\/wp-content\/uploads\/2025\/11\/Pregon-Latitud-33-Sur.jpg 1414w\" sizes=\"auto, (max-width: 724px) 100vw, 724px\" \/><\/figure>\n\n\n\n<p class=\"has-text-align-center\"><strong>Universi Terrarum Orbis Architectonis Ad Gloriam Ingentis<\/strong><\/p>\n\n\n\n<p><strong>Preg\u00f3n Latitud 33\u00b0 Sur<\/strong><\/p>\n\n\n\n<p>A la Humanidad toda, en especial a la Hermandad Mas\u00f3nica de la Tierra, en los Camp:. del V:. de Mendoza, en la Latitud 33\u00ba Sur, el 22 de noviembre de 6025 V:. L:.<\/p>\n\n\n\n<p>En el punto geom\u00e9trico se\u00f1alado, representantes de diversas \u00f3rdenes, impulsados por los miembros de la <strong>Alianza Mas\u00f3nica de la Rep\u00fablica Argentina, <\/strong>en su <strong>2\u00ba Congreso Nacional <\/strong>se congregan para hacer el <strong>Preg\u00f3n Latitud 33\u00ba Sur<\/strong>.<\/p>\n\n\n\n<p>Siendo eternos aprendices, consideramos necesario impulsar una Cadena de Uni\u00f3n universal a fin de propiciar la Paz en el mundo, como base para la construcci\u00f3n de la Libertad y la Igualdad de la Humanidad. Sostenemos que la Solidaridad es esencial como impulso de esa labor.&nbsp;<\/p>\n\n\n\n<p>Unir lo disperso es la labor operativa del \u00faltimo grado del Rito Escoc\u00e9s Antiguo y Aceptado, misi\u00f3n que hoy tomamos como propia desde la <strong>Alianza Mas\u00f3nica de la Rep\u00fablica Argentina<\/strong>.<\/p>\n\n\n\n<p>Desde la <strong>Latitud 33\u00ba Sur del Planeta<\/strong> convocamos a la Humanidad toda, en especial a la Hermandad Mas\u00f3nica, a aunar y articular esa Cadena de Uni\u00f3n para lograr apagar las armas mortales de la guerra y propiciar una paz del di\u00e1logo y la solidaridad humana.<\/p>\n\n\n\n<p>Para ello, consideramos que la pr\u00e1ctica de nuestros Ritos, con su base filos\u00f3fica y simb\u00f3lica, son los pilares para el di\u00e1logo y reflexi\u00f3n plural que permita acuerdos en la diversidad.<\/p>\n\n\n\n<p>As\u00ed, nos comprometemos a seguir aportando a la reflexi\u00f3n humana, a fin de propiciar al <strong>Ordo ad Chao<\/strong> en un momento cr\u00edtico de la humanidad. No desde paradigmas r\u00edgidos y cerrados, sino desde la construcci\u00f3n de diversas cosmovisiones que, creativamente, nos permita superar la tempestad.<\/p>\n\n\n\n<p>Para superar \u00e9ste trago amargo, donde la muerte acecha y el conflicto global est\u00e1 latente, es necesario comprometerse a una labor que sostenga la defensa de la igualdad humana, frente a las injusticias de la desigualdad del poder que restringe la libertad de la humanidad.<\/p>\n\n\n\n<p>En tanto que para alcanzar un reconfortante trago fraternal, es necesario respetar las diferentes miradas, concepciones y posiciones, por lo que propiciar el constante di\u00e1logo con respeto para encaminar a una humanidad que pueda superarse a s\u00ed misma. Es un desaf\u00edo que asumimos en \u00e9ste <strong>Preg\u00f3n Latitud 33\u00ba Sur.<\/strong><\/p>\n\n\n\n<p>Porque la Masoner\u00eda ser\u00e1 la defensa de la justicia; de la igualdad de g\u00e9nero; del ambiente; de la paz; de la Rep\u00fablica; de la Democracia; de la autonom\u00eda de los pueblos; de la diversidad religiosa; de la diversidad cultural; del amor al pr\u00f3jimo; o no ser\u00e1\u2026<\/p>\n\n\n\n<p>Trabajaremos con la convicci\u00f3n indeclinable de buscar la Verdad y la Justicia a la luz del Conocimiento, el respeto de los DDHH y de los principios de Igualdad, Libertad y Solidaridad para la Humanidad.<\/p>\n\n\n\n<p>Defenderemos los derechos de toda la Humanidad, en sus diferentes condiciones, de las culturas ancestrales, del fomento de la libertad de conciencia y la laicidad.&nbsp;<\/p>\n\n\n\n<p>Enfatizamos que la Masoner\u00eda debe abrir su comp\u00e1s a la incorporaci\u00f3n de toda persona sin distinci\u00f3n de g\u00e9nero a los altos grados filos\u00f3ficos y el rol de la educaci\u00f3n integral y solidaria como la manera m\u00e1s id\u00f3nea para la formaci\u00f3n de una ciudadan\u00eda libre, responsable y comprometida con su sociedad.<\/p>\n\n\n\n<p>As\u00ed, seguiremos el prop\u00f3sito de promover la mayor colaboraci\u00f3n entre masones de todos los Orientes, Ritos y Organizaciones, paso enfocar hacia el fortalecimiento de la unidad de la Orden Mas\u00f3nica, fomentando la integraci\u00f3n progresiva de los pueblos y pa\u00edses de los continentes, abrazando a la humanidad entera en la coherencia con nuestros ideales universalistas.<\/p>\n\n\n\n<p>Reiteramos, en este momento donde la muerte acecha y un conflicto global est\u00e1 latente, no podemos dejarnos caer en la barbarie y sostener nuestra labor civilizatoria, sencillamente sobre nuestro apotegma Ordo ad Chao.<\/p>\n\n\n\n<p>Porque ratificamos el car\u00e1cter de progreso de la masoner\u00eda, que tiene asimismo por objeto \u00abla Uni\u00f3n, la Felicidad, y el Bienestar de la Familia Humana en General y de cada persona en particular. Y debe, pues, trabajar con confianza y energ\u00eda y hacer incesantes esfuerzos por conseguir esos objetos, \u00fanicos que reconocen dignos de ella\u00bb<\/p>\n\n\n\n<p>As\u00ed, celebramos \u00e9ste momento hist\u00f3rico y sublime, donde con \u00e9ste <strong>Preg\u00f3n Latitud 33\u00ba Sur<\/strong>, tratamos de transitar un futuro digno de vivir.<\/p>\n\n\n\n<p>Deus Meumque Jus<\/p>\n\n\n\n<p>Un triple abrazo fraternal.<\/p>\n\n\n\n<p><strong>Impulsan<\/strong>:<\/p>\n\n\n\n<p><a href=\"https:\/\/alianzamasonica.org\/amra\/glra\/\">Gran Logia Regular Argentina por la Igualdad y Libertad de la Humanidad<\/a><\/p>\n\n\n\n<p><a href=\"https:\/\/alianzamasonica.org\/amra\/gonar\/\">Gran Oriente de la Naci\u00f3n Argentina<\/a><\/p>\n\n\n\n<p><a href=\"https:\/\/alianzamasonica.org\/amra\/gomrua\/\">Gran Oriente Mixto de Ritos Unidos de Argentina<\/a><\/p>\n\n\n\n<p><a href=\"https:\/\/alianzamasonica.org\/amra\/blog\/2024\/06\/23\/gloaar\/\">Gran Logia Aut\u00f3noma de la Argentina<\/a><\/p>\n\n\n\n<p><strong>Adhieren<\/strong>:<\/p>\n\n\n\n<p><a href=\"http:\/\/www.magnocolegio.org.ar\">Magno Colegio de Ritos Francmas\u00f3nicos<\/a><\/p>\n\n\n\n<p><\/p>\n","protected":false},"excerpt":{"rendered":"<p>Universi Terrarum Orbis Architectonis Ad Gloriam Ingentis Preg\u00f3n Latitud 33\u00b0 Sur A la Humanidad toda, en especial a la Hermandad Mas\u00f3nica de la Tierra, en los Camp:. del V:. de &hellip; <a href=\"https:\/\/alianzamasonica.org\/amra\/pregon-latitud-33-sur\/\" class=\"more-link\">Leer m\u00e1s<\/a><\/p>\n","protected":false},"author":1,"featured_media":470,"parent":0,"menu_order":0,"comment_status":"closed","ping_status":"closed","template":"","meta":{"footnotes":""},"class_list":["post-467","page","type-page","status-publish","has-post-thumbnail","hentry","entry"],"_links":{"self":[{"href":"https:\/\/alianzamasonica.org\/amra\/wp-json\/wp\/v2\/pages\/467","targetHints":{"allow":["GET"]}}],"collection":[{"href":"https:\/\/alianzamasonica.org\/amra\/wp-json\/wp\/v2\/pages"}],"about":[{"href":"https:\/\/alianzamasonica.org\/amra\/wp-json\/wp\/v2\/types\/page"}],"author":[{"embeddable":true,"href":"https:\/\/alianzamasonica.org\/amra\/wp-json\/wp\/v2\/users\/1"}],"replies":[{"embeddable":true,"href":"https:\/\/alianzamasonica.org\/amra\/wp-json\/wp\/v2\/comments?post=467"}],"version-history":[{"count":5,"href":"https:\/\/alianzamasonica.org\/amra\/wp-json\/wp\/v2\/pages\/467\/revisions"}],"predecessor-version":[{"id":487,"href":"https:\/\/alianzamasonica.org\/amra\/wp-json\/wp\/v2\/pages\/467\/revisions\/487"}],"wp:featuredmedia":[{"embeddable":true,"href":"https:\/\/alianzamasonica.org\/amra\/wp-json\/wp\/v2\/media\/470"}],"wp:attachment":[{"href":"https:\/\/alianzamasonica.org\/amra\/wp-json\/wp\/v2\/media?parent=467"}],"curies":[{"name":"wp","href":"https:\/\/api.w.org\/{rel}","templated":true}]}}