{"id":164,"date":"2020-12-13T23:35:34","date_gmt":"2020-12-13T23:35:34","guid":{"rendered":"https:\/\/alianzamasonica.org\/amra\/?page_id=164"},"modified":"2020-12-13T23:35:34","modified_gmt":"2020-12-13T23:35:34","slug":"funcionamiento","status":"publish","type":"page","link":"https:\/\/alianzamasonica.org\/amra\/funcionamiento\/","title":{"rendered":"Funcionamiento"},"content":{"rendered":"\n<figure class=\"wp-block-gallery columns-1 is-cropped wp-block-gallery-1 is-layout-flex wp-block-gallery-is-layout-flex\"><ul class=\"blocks-gallery-grid\"><li class=\"blocks-gallery-item\"><figure><img loading=\"lazy\" decoding=\"async\" width=\"1024\" height=\"304\" src=\"https:\/\/alianzamasonica.org\/amra\/wp-content\/uploads\/2020\/12\/Banner-AMRA-1024x304.jpeg\" alt=\"\" data-id=\"161\" data-full-url=\"https:\/\/alianzamasonica.org\/amra\/wp-content\/uploads\/2020\/12\/Banner-AMRA.jpeg\" data-link=\"https:\/\/alianzamasonica.org\/amra\/?attachment_id=161\" class=\"wp-image-161\" srcset=\"https:\/\/alianzamasonica.org\/amra\/wp-content\/uploads\/2020\/12\/Banner-AMRA-1024x304.jpeg 1024w, https:\/\/alianzamasonica.org\/amra\/wp-content\/uploads\/2020\/12\/Banner-AMRA-300x89.jpeg 300w, https:\/\/alianzamasonica.org\/amra\/wp-content\/uploads\/2020\/12\/Banner-AMRA-768x228.jpeg 768w, https:\/\/alianzamasonica.org\/amra\/wp-content\/uploads\/2020\/12\/Banner-AMRA.jpeg 1114w\" sizes=\"auto, (max-width: 1024px) 100vw, 1024px\" \/><\/figure><\/li><\/ul><\/figure>\n\n\n\n<p><strong>Acuerdo de Funcionamiento hasta la Aprobaci\u00f3n de Estatuto<\/strong><\/p>\n\n\n\n<ol class=\"wp-block-list\"><li>Se sostiene como forma de funcionamiento la representaci\u00f3n Igualitaria de cada Oriente miembro; basada en el consenso de sus integrantes; y el reconocimiento mutuo, con pase libre de sus integrantes en actividades de sus miembros.Se dispone apelar al Reglamento de Naciones Unidas y de Organismos de Estados Nacionales como Mercosur, para fijar criterios y pautas de funcionamiento a futuro, como ser: Presidencias Pro-Tempore, sistemas de membres\u00edas, etc.<\/li><li>La presentaci\u00f3n de nuevas membres\u00edas y el reconocimiento como miembros plenos se realizar\u00e1 durante cada uno de los solsticios, es decir que habr\u00e1 dos reuniones al a\u00f1o en las que se tratar\u00e1n las mismas. <\/li><li>En este sentido se determin\u00f3 que las \u00f3rdenes asociadas, primeramente lo har\u00e1n en condici\u00f3n de observador con una \u201cMembres\u00eda de Observador\u201d y en el solsticio siguiente podr\u00e1n adquirir, si as\u00ed lo desearen, la \u201cMembres\u00eda Plena\u201d que los har\u00e1 sujetos plenos de derecho no solo a tener representaci\u00f3n en las comisiones sino a tener derecho a voto en las mismas.<\/li><li>Se dispone que la Direcci\u00f3n del organismo ser\u00e1 rotativa cada 3 meses durante el periodo 2020 y 2021, y en cada periodo deber\u00e1 cubrirse de forma alternada entre miembros de los SupSup:. ConsCons:. Fundadores.<\/li><li>A partir del 2022 el periodo de la Direcci\u00f3n del organismo ser\u00e1 de 1 a\u00f1o calendario y&nbsp; podr\u00e1n acceder a la misma miembros de los SupSup:. ConsCons:. Asociados.<\/li><li>Se dispone instaurar la \u201cMembres\u00eda como entidad Hermana a la Masoner\u00eda\u201d para aquellas Ordenes que sin ser Mas\u00f3nicas comparten principios y puntos en com\u00fan con el Ideal Mas\u00f3nico.<\/li><\/ol>\n","protected":false},"excerpt":{"rendered":"<p>Acuerdo de Funcionamiento hasta la Aprobaci\u00f3n de Estatuto Se sostiene como forma de funcionamiento la representaci\u00f3n Igualitaria de cada Oriente miembro; basada en el consenso de sus integrantes; y el &hellip; <a href=\"https:\/\/alianzamasonica.org\/amra\/funcionamiento\/\" class=\"more-link\">Leer m\u00e1s<\/a><\/p>\n","protected":false},"author":1,"featured_media":0,"parent":0,"menu_order":0,"comment_status":"closed","ping_status":"closed","template":"","meta":{"footnotes":""},"class_list":["post-164","page","type-page","status-publish","hentry","entry"],"_links":{"self":[{"href":"https:\/\/alianzamasonica.org\/amra\/wp-json\/wp\/v2\/pages\/164","targetHints":{"allow":["GET"]}}],"collection":[{"href":"https:\/\/alianzamasonica.org\/amra\/wp-json\/wp\/v2\/pages"}],"about":[{"href":"https:\/\/alianzamasonica.org\/amra\/wp-json\/wp\/v2\/types\/page"}],"author":[{"embeddable":true,"href":"https:\/\/alianzamasonica.org\/amra\/wp-json\/wp\/v2\/users\/1"}],"replies":[{"embeddable":true,"href":"https:\/\/alianzamasonica.org\/amra\/wp-json\/wp\/v2\/comments?post=164"}],"version-history":[{"count":1,"href":"https:\/\/alianzamasonica.org\/amra\/wp-json\/wp\/v2\/pages\/164\/revisions"}],"predecessor-version":[{"id":168,"href":"https:\/\/alianzamasonica.org\/amra\/wp-json\/wp\/v2\/pages\/164\/revisions\/168"}],"wp:attachment":[{"href":"https:\/\/alianzamasonica.org\/amra\/wp-json\/wp\/v2\/media?parent=164"}],"curies":[{"name":"wp","href":"https:\/\/api.w.org\/{rel}","templated":true}]}}